{"id":13288,"date":"2023-03-14T15:11:15","date_gmt":"2023-03-14T15:11:15","guid":{"rendered":"https:\/\/skin2go.r-s.space\/product\/mecha-industries\/"},"modified":"2025-08-21T13:44:48","modified_gmt":"2025-08-21T13:44:48","slug":"mecha-industries","status":"publish","type":"product","link":"https:\/\/skintrade.org\/pt-pt\/produto\/mecha-industries\/","title":{"rendered":"Mecha Industries"},"content":{"rendered":"<p>Desert Eagle | Mecha Industries foi adicionado ao jogo em 6 de dezembro de 2018, como parte da The Danger Zone Collection, que foi lan\u00e7ada junto com a atualiza\u00e7\u00e3o &#8220;Welcome to the Danger Zone&#8221;. A skin foi criada por coyote37 e Hanzo.<\/p>\n","protected":false},"excerpt":{"rendered":"<p>Desert Eagle | Mecha Industries foi adicionado ao jogo em 6 de dezembro de 2018, como parte da The Danger Zone Collection, que foi lan\u00e7ada junto com a atualiza\u00e7\u00e3o &#8220;Welcome to the Danger Zone&#8221;. A skin foi criada por coyote37 e Hanzo.<\/p>\n","protected":false},"featured_media":12940,"template":"","meta":[],"product_brand":[],"product_cat":[323,321],"product_tag":[],"class_list":{"0":"post-13288","1":"product","2":"type-product","3":"status-publish","4":"has-post-thumbnail","6":"product_cat-desert-eagle-pt-pt","7":"product_cat-pistolas","8":"pa_rarity-confidencial","9":"pa_start-three-stars-pt-pt","10":"pa_subcategories-desert-eagle-pt-pt","12":"first","13":"instock","14":"shipping-taxable","15":"purchasable","16":"product-type-simple"},"_links":{"self":[{"href":"https:\/\/skintrade.org\/pt-pt\/wp-json\/wp\/v2\/product\/13288","targetHints":{"allow":["GET"]}}],"collection":[{"href":"https:\/\/skintrade.org\/pt-pt\/wp-json\/wp\/v2\/product"}],"about":[{"href":"https:\/\/skintrade.org\/pt-pt\/wp-json\/wp\/v2\/types\/product"}],"wp:featuredmedia":[{"embeddable":true,"href":"https:\/\/skintrade.org\/pt-pt\/wp-json\/wp\/v2\/media\/12940"}],"wp:attachment":[{"href":"https:\/\/skintrade.org\/pt-pt\/wp-json\/wp\/v2\/media?parent=13288"}],"wp:term":[{"taxonomy":"product_brand","embeddable":true,"href":"https:\/\/skintrade.org\/pt-pt\/wp-json\/wp\/v2\/product_brand?post=13288"},{"taxonomy":"product_cat","embeddable":true,"href":"https:\/\/skintrade.org\/pt-pt\/wp-json\/wp\/v2\/product_cat?post=13288"},{"taxonomy":"product_tag","embeddable":true,"href":"https:\/\/skintrade.org\/pt-pt\/wp-json\/wp\/v2\/product_tag?post=13288"}],"curies":[{"name":"wp","href":"https:\/\/api.w.org\/{rel}","templated":true}]}}