{"id":13286,"date":"2023-03-14T15:16:31","date_gmt":"2023-03-14T15:16:31","guid":{"rendered":"https:\/\/skin2go.r-s.space\/product\/desolate-space\/"},"modified":"2025-08-21T13:44:50","modified_gmt":"2025-08-21T13:44:50","slug":"desolate-space","status":"publish","type":"product","link":"https:\/\/skintrade.org\/pt-pt\/produto\/desolate-space\/","title":{"rendered":"Desolate Space"},"content":{"rendered":"<p>M4A4 | Desolate Space foi adicionado ao jogo em 15 de Junho de 2016, como parte da Colec\u00e7\u00e3o Gamma, que foi lan\u00e7ada juntamente com a actualiza\u00e7\u00e3o &#8220;Gamma Exposure&#8221;. O visual foi criado por Andy e DryDoctorEgg.<\/p>\n","protected":false},"excerpt":{"rendered":"<p>M4A4 | Desolate Space foi adicionado ao jogo em 15 de Junho de 2016, como parte da Colec\u00e7\u00e3o Gamma, que foi lan\u00e7ada juntamente com a actualiza\u00e7\u00e3o &#8220;Gamma Exposure&#8221;. O visual foi criado por Andy e DryDoctorEgg.<\/p>\n","protected":false},"featured_media":12943,"template":"","meta":[],"product_brand":[],"product_cat":[269,338],"product_tag":[],"class_list":{"0":"post-13286","1":"product","2":"type-product","3":"status-publish","4":"has-post-thumbnail","6":"product_cat-espingarda","7":"product_cat-m4a4-pt-pt","8":"pa_rarity-confidencial","9":"pa_start-two-stars-pt-pt","10":"pa_subcategories-m4a4-pt-pt","12":"first","13":"instock","14":"shipping-taxable","15":"purchasable","16":"product-type-simple"},"_links":{"self":[{"href":"https:\/\/skintrade.org\/pt-pt\/wp-json\/wp\/v2\/product\/13286","targetHints":{"allow":["GET"]}}],"collection":[{"href":"https:\/\/skintrade.org\/pt-pt\/wp-json\/wp\/v2\/product"}],"about":[{"href":"https:\/\/skintrade.org\/pt-pt\/wp-json\/wp\/v2\/types\/product"}],"wp:featuredmedia":[{"embeddable":true,"href":"https:\/\/skintrade.org\/pt-pt\/wp-json\/wp\/v2\/media\/12943"}],"wp:attachment":[{"href":"https:\/\/skintrade.org\/pt-pt\/wp-json\/wp\/v2\/media?parent=13286"}],"wp:term":[{"taxonomy":"product_brand","embeddable":true,"href":"https:\/\/skintrade.org\/pt-pt\/wp-json\/wp\/v2\/product_brand?post=13286"},{"taxonomy":"product_cat","embeddable":true,"href":"https:\/\/skintrade.org\/pt-pt\/wp-json\/wp\/v2\/product_cat?post=13286"},{"taxonomy":"product_tag","embeddable":true,"href":"https:\/\/skintrade.org\/pt-pt\/wp-json\/wp\/v2\/product_tag?post=13286"}],"curies":[{"name":"wp","href":"https:\/\/api.w.org\/{rel}","templated":true}]}}