{"id":13285,"date":"2023-03-14T15:24:34","date_gmt":"2023-03-14T15:24:34","guid":{"rendered":"https:\/\/skin2go.r-s.space\/product\/commemoration\/"},"modified":"2025-08-21T13:44:50","modified_gmt":"2025-08-21T13:44:50","slug":"commemoration","status":"publish","type":"product","link":"https:\/\/skintrade.org\/pt-pt\/produto\/commemoration\/","title":{"rendered":"Commemoration"},"content":{"rendered":"<p>FAMAS | A comemora\u00e7\u00e3o foi adicionada ao jogo em 18 de outubro de 2019, como parte da cole\u00e7\u00e3o CS20, que foi lan\u00e7ada junto com a atualiza\u00e7\u00e3o \u201cCache and Release\u201d. A skin foi criada por Ezikyl.<\/p>\n","protected":false},"excerpt":{"rendered":"<p>FAMAS | A comemora\u00e7\u00e3o foi adicionada ao jogo em 18 de outubro de 2019, como parte da cole\u00e7\u00e3o CS20, que foi lan\u00e7ada junto com a atualiza\u00e7\u00e3o \u201cCache and Release\u201d. A skin foi criada por Ezikyl.<\/p>\n","protected":false},"featured_media":12949,"template":"","meta":[],"product_brand":[],"product_cat":[269,334],"product_tag":[],"class_list":{"0":"post-13285","1":"product","2":"type-product","3":"status-publish","4":"has-post-thumbnail","6":"product_cat-espingarda","7":"product_cat-famas-pt-pt","8":"pa_rarity-secreto","9":"pa_start-three-stars-pt-pt","10":"pa_subcategories-famas-pt-pt","12":"first","13":"instock","14":"shipping-taxable","15":"purchasable","16":"product-type-simple"},"_links":{"self":[{"href":"https:\/\/skintrade.org\/pt-pt\/wp-json\/wp\/v2\/product\/13285","targetHints":{"allow":["GET"]}}],"collection":[{"href":"https:\/\/skintrade.org\/pt-pt\/wp-json\/wp\/v2\/product"}],"about":[{"href":"https:\/\/skintrade.org\/pt-pt\/wp-json\/wp\/v2\/types\/product"}],"wp:featuredmedia":[{"embeddable":true,"href":"https:\/\/skintrade.org\/pt-pt\/wp-json\/wp\/v2\/media\/12949"}],"wp:attachment":[{"href":"https:\/\/skintrade.org\/pt-pt\/wp-json\/wp\/v2\/media?parent=13285"}],"wp:term":[{"taxonomy":"product_brand","embeddable":true,"href":"https:\/\/skintrade.org\/pt-pt\/wp-json\/wp\/v2\/product_brand?post=13285"},{"taxonomy":"product_cat","embeddable":true,"href":"https:\/\/skintrade.org\/pt-pt\/wp-json\/wp\/v2\/product_cat?post=13285"},{"taxonomy":"product_tag","embeddable":true,"href":"https:\/\/skintrade.org\/pt-pt\/wp-json\/wp\/v2\/product_tag?post=13285"}],"curies":[{"name":"wp","href":"https:\/\/api.w.org\/{rel}","templated":true}]}}