{"id":13281,"date":"2023-03-14T15:34:48","date_gmt":"2023-03-14T15:34:48","guid":{"rendered":"https:\/\/skin2go.r-s.space\/product\/cinquedea\/"},"modified":"2025-08-21T13:44:44","modified_gmt":"2025-08-21T13:44:44","slug":"cinquedea","status":"publish","type":"product","link":"https:\/\/skintrade.org\/pt-pt\/produto\/cinquedea\/","title":{"rendered":"Cinquedea"},"content":{"rendered":"<p>MAG-7 | Cinquedea foi adicionado ao jogo em 18 de novembro de 2019, como parte da The Canals Collection, lan\u00e7ada junto com o in\u00edcio da Opera\u00e7\u00e3o Shattered Web.<\/p>\n","protected":false},"excerpt":{"rendered":"<p>MAG-7 | Cinquedea foi adicionado ao jogo em 18 de novembro de 2019, como parte da The Canals Collection, lan\u00e7ada junto com o in\u00edcio da Opera\u00e7\u00e3o Shattered Web.<\/p>\n","protected":false},"featured_media":12958,"template":"","meta":[],"product_brand":[],"product_cat":[294,296],"product_tag":[],"class_list":{"0":"post-13281","1":"product","2":"type-product","3":"status-publish","4":"has-post-thumbnail","6":"product_cat-arma-pesada","7":"product_cat-mag-7-pt-pt","8":"pa_rarity-confidencial","9":"pa_start-three-stars-pt-pt","10":"pa_subcategories-mag-7-pt-pt","12":"first","13":"instock","14":"shipping-taxable","15":"purchasable","16":"product-type-simple"},"_links":{"self":[{"href":"https:\/\/skintrade.org\/pt-pt\/wp-json\/wp\/v2\/product\/13281","targetHints":{"allow":["GET"]}}],"collection":[{"href":"https:\/\/skintrade.org\/pt-pt\/wp-json\/wp\/v2\/product"}],"about":[{"href":"https:\/\/skintrade.org\/pt-pt\/wp-json\/wp\/v2\/types\/product"}],"wp:featuredmedia":[{"embeddable":true,"href":"https:\/\/skintrade.org\/pt-pt\/wp-json\/wp\/v2\/media\/12958"}],"wp:attachment":[{"href":"https:\/\/skintrade.org\/pt-pt\/wp-json\/wp\/v2\/media?parent=13281"}],"wp:term":[{"taxonomy":"product_brand","embeddable":true,"href":"https:\/\/skintrade.org\/pt-pt\/wp-json\/wp\/v2\/product_brand?post=13281"},{"taxonomy":"product_cat","embeddable":true,"href":"https:\/\/skintrade.org\/pt-pt\/wp-json\/wp\/v2\/product_cat?post=13281"},{"taxonomy":"product_tag","embeddable":true,"href":"https:\/\/skintrade.org\/pt-pt\/wp-json\/wp\/v2\/product_tag?post=13281"}],"curies":[{"name":"wp","href":"https:\/\/api.w.org\/{rel}","templated":true}]}}