{"id":13279,"date":"2023-03-14T15:40:29","date_gmt":"2023-03-14T15:40:29","guid":{"rendered":"https:\/\/skin2go.r-s.space\/product\/marble-fade\/"},"modified":"2023-03-14T15:40:29","modified_gmt":"2023-03-14T15:40:29","slug":"marble-fade-2","status":"publish","type":"product","link":"https:\/\/skintrade.org\/pt-pt\/produto\/marble-fade-2\/","title":{"rendered":"Marble Fade"},"content":{"rendered":"<p>Baioneta | Marble Fade (Bayo MF) foi adicionado ao jogo em 08 de janeiro de 2015, juntamente com a atualiza\u00e7\u00e3o &#8220;Full Spectrum&#8221;. A skin est\u00e1 dispon\u00edvel em todas as caixas &#8220;Chroma&#8221;.<\/p>\n","protected":false},"excerpt":{"rendered":"<p>Baioneta | Marble Fade (Bayo MF) foi adicionado ao jogo em 08 de janeiro de 2015, juntamente com a atualiza\u00e7\u00e3o &#8220;Full Spectrum&#8221;. A skin est\u00e1 dispon\u00edvel em todas as caixas &#8220;Chroma&#8221;.<\/p>\n","protected":false},"featured_media":12964,"template":"","meta":[],"product_brand":[],"product_cat":[302,301],"product_tag":[],"class_list":{"0":"post-13279","1":"product","2":"type-product","3":"status-publish","4":"has-post-thumbnail","6":"product_cat-bayonet-pt-pt","7":"product_cat-facas","8":"pa_rarity-secreto","9":"pa_start-four-stars-pt-pt","10":"pa_subcategories-bayonet-pt-pt","12":"first","13":"instock","14":"shipping-taxable","15":"purchasable","16":"product-type-simple"},"_links":{"self":[{"href":"https:\/\/skintrade.org\/pt-pt\/wp-json\/wp\/v2\/product\/13279","targetHints":{"allow":["GET"]}}],"collection":[{"href":"https:\/\/skintrade.org\/pt-pt\/wp-json\/wp\/v2\/product"}],"about":[{"href":"https:\/\/skintrade.org\/pt-pt\/wp-json\/wp\/v2\/types\/product"}],"wp:featuredmedia":[{"embeddable":true,"href":"https:\/\/skintrade.org\/pt-pt\/wp-json\/wp\/v2\/media\/12964"}],"wp:attachment":[{"href":"https:\/\/skintrade.org\/pt-pt\/wp-json\/wp\/v2\/media?parent=13279"}],"wp:term":[{"taxonomy":"product_brand","embeddable":true,"href":"https:\/\/skintrade.org\/pt-pt\/wp-json\/wp\/v2\/product_brand?post=13279"},{"taxonomy":"product_cat","embeddable":true,"href":"https:\/\/skintrade.org\/pt-pt\/wp-json\/wp\/v2\/product_cat?post=13279"},{"taxonomy":"product_tag","embeddable":true,"href":"https:\/\/skintrade.org\/pt-pt\/wp-json\/wp\/v2\/product_tag?post=13279"}],"curies":[{"name":"wp","href":"https:\/\/api.w.org\/{rel}","templated":true}]}}