{"id":13278,"date":"2023-03-14T15:37:44","date_gmt":"2023-03-14T15:37:44","guid":{"rendered":"https:\/\/skin2go.r-s.space\/product\/lightning-strike\/"},"modified":"2025-08-21T13:44:45","modified_gmt":"2025-08-21T13:44:45","slug":"lightning-strike","status":"publish","type":"product","link":"https:\/\/skintrade.org\/pt-pt\/produto\/lightning-strike\/","title":{"rendered":"Lightning Strike"},"content":{"rendered":"<p>AWP | Lightning Strike foi adicionado ao jogo em 14 de agosto de 2013, como parte da The Arms Deal Collection, que foi lan\u00e7ada juntamente com a atualiza\u00e7\u00e3o &#8220;The Arms Deal&#8221;.<\/p>\n","protected":false},"excerpt":{"rendered":"<p>AWP | Lightning Strike foi adicionado ao jogo em 14 de agosto de 2013, como parte da The Arms Deal Collection, que foi lan\u00e7ada juntamente com a atualiza\u00e7\u00e3o &#8220;The Arms Deal&#8221;.<\/p>\n","protected":false},"featured_media":12961,"template":"","meta":[],"product_brand":[],"product_cat":[333,269],"product_tag":[],"class_list":{"0":"post-13278","1":"product","2":"type-product","3":"status-publish","4":"has-post-thumbnail","6":"product_cat-awp-pt-pt","7":"product_cat-espingarda","8":"pa_rarity-secreto","9":"pa_start-five-stars-pt-pt","10":"pa_subcategories-awp-pt-pt","12":"first","13":"instock","14":"shipping-taxable","15":"purchasable","16":"product-type-simple"},"_links":{"self":[{"href":"https:\/\/skintrade.org\/pt-pt\/wp-json\/wp\/v2\/product\/13278","targetHints":{"allow":["GET"]}}],"collection":[{"href":"https:\/\/skintrade.org\/pt-pt\/wp-json\/wp\/v2\/product"}],"about":[{"href":"https:\/\/skintrade.org\/pt-pt\/wp-json\/wp\/v2\/types\/product"}],"wp:featuredmedia":[{"embeddable":true,"href":"https:\/\/skintrade.org\/pt-pt\/wp-json\/wp\/v2\/media\/12961"}],"wp:attachment":[{"href":"https:\/\/skintrade.org\/pt-pt\/wp-json\/wp\/v2\/media?parent=13278"}],"wp:term":[{"taxonomy":"product_brand","embeddable":true,"href":"https:\/\/skintrade.org\/pt-pt\/wp-json\/wp\/v2\/product_brand?post=13278"},{"taxonomy":"product_cat","embeddable":true,"href":"https:\/\/skintrade.org\/pt-pt\/wp-json\/wp\/v2\/product_cat?post=13278"},{"taxonomy":"product_tag","embeddable":true,"href":"https:\/\/skintrade.org\/pt-pt\/wp-json\/wp\/v2\/product_tag?post=13278"}],"curies":[{"name":"wp","href":"https:\/\/api.w.org\/{rel}","templated":true}]}}