{"id":13121,"date":"2023-03-14T15:21:29","date_gmt":"2023-03-14T15:21:29","guid":{"rendered":"https:\/\/skin2go.r-s.space\/product\/visions\/"},"modified":"2023-04-26T17:01:46","modified_gmt":"2023-04-26T17:01:46","slug":"visions","status":"publish","type":"product","link":"https:\/\/skintrade.org\/pt-pt\/produto\/visions\/","title":{"rendered":"Visions"},"content":{"rendered":"<p>Sendo uma pistola de baixo recuo e uma frequ\u00eancia elevada de disparo, a P250 \u00e9 uma op\u00e7\u00e3o relativamente econ\u00f3mica contra oponentes de colete e capacete. Esta arma em particular foi decorada com uma ilustra\u00e7\u00e3o de cores vivas. A skin foi criada por cimota.<\/p>\n","protected":false},"excerpt":{"rendered":"<p>Sendo uma pistola de baixo recuo e uma frequ\u00eancia elevada de disparo, a P250 \u00e9 uma op\u00e7\u00e3o relativamente econ\u00f3mica contra oponentes de colete e capacete. Esta arma em particular foi decorada com uma ilustra\u00e7\u00e3o de cores vivas. A skin foi criada por cimota.<\/p>\n","protected":false},"featured_media":12946,"template":"","meta":[],"product_brand":[],"product_cat":[284,328,321],"product_tag":[],"class_list":{"0":"post-13121","1":"product","2":"type-product","3":"status-publish","4":"has-post-thumbnail","6":"product_cat-a-colecao-recoil","7":"product_cat-p250-pt-pt","8":"product_cat-pistolas","9":"pa_rarity-confidencial","10":"pa_start-four-stars-pt-pt","11":"pa_subcategories-p250-pt-pt","13":"first","14":"instock","15":"shipping-taxable","16":"purchasable","17":"product-type-simple"},"_links":{"self":[{"href":"https:\/\/skintrade.org\/pt-pt\/wp-json\/wp\/v2\/product\/13121","targetHints":{"allow":["GET"]}}],"collection":[{"href":"https:\/\/skintrade.org\/pt-pt\/wp-json\/wp\/v2\/product"}],"about":[{"href":"https:\/\/skintrade.org\/pt-pt\/wp-json\/wp\/v2\/types\/product"}],"wp:featuredmedia":[{"embeddable":true,"href":"https:\/\/skintrade.org\/pt-pt\/wp-json\/wp\/v2\/media\/12946"}],"wp:attachment":[{"href":"https:\/\/skintrade.org\/pt-pt\/wp-json\/wp\/v2\/media?parent=13121"}],"wp:term":[{"taxonomy":"product_brand","embeddable":true,"href":"https:\/\/skintrade.org\/pt-pt\/wp-json\/wp\/v2\/product_brand?post=13121"},{"taxonomy":"product_cat","embeddable":true,"href":"https:\/\/skintrade.org\/pt-pt\/wp-json\/wp\/v2\/product_cat?post=13121"},{"taxonomy":"product_tag","embeddable":true,"href":"https:\/\/skintrade.org\/pt-pt\/wp-json\/wp\/v2\/product_tag?post=13121"}],"curies":[{"name":"wp","href":"https:\/\/api.w.org\/{rel}","templated":true}]}}