{"id":12999,"date":"2023-03-14T15:42:59","date_gmt":"2023-03-14T15:42:59","guid":{"rendered":"https:\/\/skin2go.r-s.space\/product\/x-ray\/"},"modified":"2023-04-05T11:37:25","modified_gmt":"2023-04-05T11:37:25","slug":"x-ray","status":"publish","type":"product","link":"https:\/\/skintrade.org\/pt-pt\/produto\/x-ray\/","title":{"rendered":"X-Ray"},"content":{"rendered":"<p>Potente e fi\u00e1vel, a AK-47 \u00e9 uma das espingardas de assalto mais populares do mundo. \u00c9 mais mort\u00edfera ao disparar rajadas curtas e controladas de balas.<\/p>\n","protected":false},"excerpt":{"rendered":"<p>Potente e fi\u00e1vel, a AK-47 \u00e9 uma das espingardas de assalto mais populares do mundo. \u00c9 mais mort\u00edfera ao disparar rajadas curtas e controladas de balas.<\/p>\n","protected":false},"featured_media":12967,"template":"","meta":[],"product_brand":[],"product_cat":[268,269],"product_tag":[],"class_list":{"0":"post-12999","1":"product","2":"type-product","3":"status-publish","4":"has-post-thumbnail","6":"product_cat-ak-47-pt-pt-espingarda","7":"product_cat-espingarda","8":"pa_rarity-secreto","9":"pa_start-three-stars-pt-pt","10":"pa_subcategories-ak-47-pt-pt","12":"first","13":"instock","14":"shipping-taxable","15":"purchasable","16":"product-type-simple"},"_links":{"self":[{"href":"https:\/\/skintrade.org\/pt-pt\/wp-json\/wp\/v2\/product\/12999","targetHints":{"allow":["GET"]}}],"collection":[{"href":"https:\/\/skintrade.org\/pt-pt\/wp-json\/wp\/v2\/product"}],"about":[{"href":"https:\/\/skintrade.org\/pt-pt\/wp-json\/wp\/v2\/types\/product"}],"wp:featuredmedia":[{"embeddable":true,"href":"https:\/\/skintrade.org\/pt-pt\/wp-json\/wp\/v2\/media\/12967"}],"wp:attachment":[{"href":"https:\/\/skintrade.org\/pt-pt\/wp-json\/wp\/v2\/media?parent=12999"}],"wp:term":[{"taxonomy":"product_brand","embeddable":true,"href":"https:\/\/skintrade.org\/pt-pt\/wp-json\/wp\/v2\/product_brand?post=12999"},{"taxonomy":"product_cat","embeddable":true,"href":"https:\/\/skintrade.org\/pt-pt\/wp-json\/wp\/v2\/product_cat?post=12999"},{"taxonomy":"product_tag","embeddable":true,"href":"https:\/\/skintrade.org\/pt-pt\/wp-json\/wp\/v2\/product_tag?post=12999"}],"curies":[{"name":"wp","href":"https:\/\/api.w.org\/{rel}","templated":true}]}}