{"id":12988,"date":"2022-09-24T12:51:38","date_gmt":"2022-09-24T12:51:38","guid":{"rendered":"https:\/\/skin2go.r-s.space\/delivery-and-refund-policy\/"},"modified":"2023-06-12T12:47:48","modified_gmt":"2023-06-12T12:47:48","slug":"politica-de-entrega-e-reembolso","status":"publish","type":"page","link":"https:\/\/skintrade.org\/pt-pt\/politica-de-entrega-e-reembolso\/","title":{"rendered":"Pol\u00edtica de entrega e reembolso"},"content":{"rendered":"\t<section class=\"section site_main_gradient\" id=\"section_977816025\">\n\t\t<div class=\"bg section-bg fill bg-fill bg-loaded bg-loaded\" >\n\n\t\t\t\n\t\t\t\n\t\t\t\n\n\t\t<\/div>\n\n\t\t\n\n\t\t<div class=\"section-content relative\">\n\t\t\t\n\n\t<div id=\"gap-2025104051\" class=\"gap-element clearfix\" style=\"display:block; height:auto;\">\n\t\t\n<style>\n#gap-2025104051 {\n  padding-top: 120px;\n}\n@media (min-width:550px) {\n  #gap-2025104051 {\n    padding-top: 120px;\n  }\n}\n@media (min-width:850px) {\n  #gap-2025104051 {\n    padding-top: 200px;\n  }\n}\n<\/style>\n\t<\/div>\n\t\n\n<div class=\"row\"  id=\"row-1951854230\">\n\n\n\t<div id=\"col-1357191984\" class=\"col small-12 large-12\"  >\n\t\t\t\t<div class=\"col-inner\"  >\n\t\t\t\n\t\t\t\n\n\t<div id=\"text-3282438654\" class=\"text home_page_banner_title\">\n\t\t\n\n<h2>Pol\u00edtica de entrega e reembolso<\/h2>\n\t\t\n<style>\n#text-3282438654 {\n  text-align: center;\n}\n<\/style>\n\t<\/div>\n\t\n\n\t\t<\/div>\n\t\t\t\t\t<\/div>\n\n\t\n\n\n<style>\n#row-1951854230 > .col > .col-inner {\n  padding: 0 0px 0px 0px;\n}\n<\/style>\n<\/div>\n\t<div id=\"gap-2038701484\" class=\"gap-element clearfix\" style=\"display:block; height:auto;\">\n\t\t\n<style>\n#gap-2038701484 {\n  padding-top: 40px;\n}\n@media (min-width:550px) {\n  #gap-2038701484 {\n    padding-top: 60px;\n  }\n}\n@media (min-width:850px) {\n  #gap-2038701484 {\n    padding-top: 100px;\n  }\n}\n<\/style>\n\t<\/div>\n\t\n\n<div class=\"row\"  id=\"row-5713686\">\n\n\n\t<div id=\"col-267375796\" class=\"col small-12 large-12\"  >\n\t\t\t\t<div class=\"col-inner\"  >\n\t\t\t\n\t\t\t\n\n\t<div id=\"text-4159721394\" class=\"text\">\n\t\t\n\n<p class=\"p1\">Vers\u00e3o: 15\/05\/2023<\/p>\n<p class=\"p1\">Antes de utilizar o(s) nosso(s) Servi\u00e7o(s), leia atentamente esta Pol\u00edtica de Entrega e Reembolso.<\/p>\n<p>\u00a0<\/p>\n<p class=\"p1\"><strong>1. Defini\u00e7\u00f5es e interpreta\u00e7\u00f5es<\/strong><\/p>\n<p>\u00a0<\/p>\n<p class=\"p1\">Nesta Pol\u00edtica de Entrega e Reembolso, utilizamos, entre outros, os seguintes termos:<\/p>\n<p>\u00a0<\/p>\n<p class=\"p1\">Conta:<\/p>\n<p class=\"p1\">Conta criada por Si para utilizar as funcionalidades do Servi\u00e7o e\/ou Produto ou partes do Servi\u00e7o e\/ou Produto.<\/p>\n<p>\u00a0<\/p>\n<p class=\"p1\">Empresa: (&#8220;a Empresa&#8221;, &#8220;N\u00f3s&#8221;, &#8220;Nosso&#8221; ou &#8220;Nossos&#8221;)<span class=\"s1\">.<\/span><\/p>\n<p>\u00a0<\/p>\n<p class=\"p1\">Produto(s):<\/p>\n<p class=\"p1\">Trata-se dos itens, bens e\/ou servi\u00e7os digitais exibidos, listados e\/ou oferecidos pelo vendedor para venda atrav\u00e9s ou no site.<\/p>\n<p>\u00a0<\/p>\n<p class=\"p1\">Servi\u00e7o(s):<\/p>\n<p class=\"p1\">Estas s\u00e3o todas as fun\u00e7\u00f5es dispon\u00edveis no Website e fornecidas a Si pela Empresa.<\/p>\n<p>\u00a0<\/p>\n<p class=\"p1\">S\u00edtio Internet:<\/p>\n<p class=\"p1\">\u00c9 o site <a href=\"http:\/\/skintrade.org\/\">skintrade.org<\/a>.<\/p>\n<p>\u00a0<\/p>\n<p class=\"p1\">Voc\u00ea (&#8220;Seu&#8221;, &#8220;Seus&#8221;, &#8220;Sua&#8221;, &#8220;Suas&#8221;, &#8220;Si&#8221;):<\/p>\n<p class=\"p1\">Refere-se \u00e0 pessoa que compra qualquer Produto e\/ou Servi\u00e7o. Essa pessoa deve ter no m\u00ednimo 18 anos de idade e concordar com os termos dos Termos e Condi\u00e7\u00f5es. <span class=\"Apple-converted-space\">\u00a0<\/span><\/p>\n<p>\u00a0<\/p>\n<p class=\"p1\"><strong>2. Entrega<\/strong><\/p>\n<p>\u00a0<\/p>\n<p class=\"p1\">Assim que o pagamento do(s) Produto(s) for efetuado no Website, este ser\u00e1 entregue na Sua Conta. O Website garante que receber\u00e1 o(s) Produto(s) que pagou.<\/p>\n<p>\u00a0<\/p>\n<p class=\"p1\">Normalmente, leva cerca 10 minutos a partir do momento do pagamento at\u00e9 que os Produtos sejam entregues na Sua conta. Todas as transa\u00e7\u00f5es no site s\u00e3o realizadas atrav\u00e9s de redes de telecomunica\u00e7\u00f5es e de dados. Isso significa que o recebimento dos Nossos Produtos, ou vice-versa, pode ser atrasado ou impedido por fatores que afetam os provedores de servi\u00e7os relevantes e outras partes envolvidas.<\/p>\n<p>\u00a0<\/p>\n<p class=\"p1\">N\u00e3o seremos respons\u00e1veis por atrasos que estejam fora do Nosso controlo. Se a entrega se atrasar por esse motivo, inform\u00e1-lo-emos o mais rapidamente poss\u00edvel e tomaremos medidas para minimizar o impacto do atraso.<span class=\"s1\"><br \/><\/span><\/p>\n<p>\u00a0<\/p>\n<p class=\"p1\"><strong>3. Reembolso<\/strong><\/p>\n<p>\u00a0<\/p>\n<p class=\"p1\">Os nossos Produtos s\u00e3o considerados conte\u00fado virtual (digital) e n\u00e3o podem ser cancelados ap\u00f3s a transa\u00e7\u00e3o ser efetuada.<\/p>\n<p>\u00a0<\/p>\n<p class=\"p1\">Para evitar qualquer problema ou confus\u00e3o, s\u00f3 deve confirmar a rece\u00e7\u00e3o do Seu pedido ap\u00f3s ter verificado cuidadosamente se os Produtos recebidos correspondem \u00e0 descri\u00e7\u00e3o destes e se est\u00e3o em boas condi\u00e7\u00f5es de funcionamento. Quando confirmar a rece\u00e7\u00e3o do seu pedido, isso significa que est\u00e1 satisfeito com a Sua compra e a transa\u00e7\u00e3o ser\u00e1 ent\u00e3o finalizada e o pagamento ser\u00e1 enviado para a Empresa. N\u00e3o ser\u00e3o concedidos reembolsos a encomendas conclu\u00eddas e finalizadas.<\/p>\n<p>\u00a0<\/p>\n<p class=\"p1\">Se Voc\u00ea n\u00e3o recebeu os Produtos ou estes estavam corrompidos quando os recebeu, entre em contacto com a Nossa equipa de apoio em <a href=\"mailto:info@skintrade.org\">info@skintrade.org<\/a><span class=\"s1\">.<\/span> Se outra pessoa utilizou as Suas informa\u00e7\u00f5es de pagamento para comprar Produtos sem o seu consentimento, contacte-nos imediatamente. Iremos investigar o caso e, se os fundos ainda estiverem no Nosso sistema, emitiremos um reembolso.<\/p>\n<p>\u00a0<\/p>\n<p class=\"p1\"><strong>4. Atualiza\u00e7\u00f5es a esta Pol\u00edtica de Entrega e Reembolso<\/strong><\/p>\n<p>\u00a0<\/p>\n<p class=\"p1\">Poderemos ocasionalmente atualizar esta Pol\u00edtica de Entrega e Reembolso, e iremos notific\u00e1-lo de quaisquer altera\u00e7\u00f5es significativas publicando a nova Pol\u00edtica de Entrega e Reembolso nesta p\u00e1gina. A data na parte superior da Pol\u00edtica de Entrega e Reembolso ser\u00e1 atualizada para refletir a data das altera\u00e7\u00f5es mais recentes.<\/p>\n<p>\u00a0<\/p>\n<p class=\"p1\">Encorajamo-lo a rever esta Pol\u00edtica de Entrega e Reembolso periodicamente para se manter informado sobre como estamos a proteger os dados pessoais que recolhemos de Si. A vers\u00e3o mais recente da pol\u00edtica estar\u00e1 sempre dispon\u00edvel nesta p\u00e1gina.<\/p>\n<p>\u00a0<\/p>\n<p class=\"p1\"><strong>5. Entre em Contacto Connosco<\/strong><\/p>\n<p>\u00a0<\/p>\n<p class=\"p1\">Se tiver alguma d\u00favida sobre esta Pol\u00edtica de Entrega e Reembolso, ou se quiser fazer uma reclama\u00e7\u00e3o, pode entrar em contacto connosco por e-mail para <a href=\"mailto:info@skintrade.org\">info@skintrade.org<\/a><span class=\"s1\">\u00a0<\/span>ou visitando o Nosso Website em <a href=\"http:\/\/skintrade.org\/\">skintrade.org<\/a>. Responderemos \u00e0s Suas quest\u00f5es o mais rapidamente poss\u00edvel e faremos o Nosso melhor para resolver quaisquer problemas que possa ter.<\/p>\n<p>\u00a0<\/p>\n<p class=\"p1\"><strong>6. Comunica\u00e7\u00e3o da Nossa Parte<\/strong><span class=\"s1\"><br \/><\/span><\/p>\n<p>\u00a0<\/p>\n<p class=\"p1\">Podemos, de tempos em tempos, enviar-lhe por e-mail avisos importantes sobre N\u00f3s, desde que tenhamos os Seus detalhes de contacto (se, por exemplo Voc\u00ea tiver uma Conta). Tais avisos devem estar relacionados com assuntos incluindo, mas n\u00e3o limitados a) altera\u00e7\u00f5es de Servi\u00e7os e\/ou Produtos; b) altera\u00e7\u00f5es a estes Termos e Condi\u00e7\u00f5es; c) altera\u00e7\u00f5es \u00e0 Sua Conta. Nunca lhe enviaremos e-mails de marketing de qualquer tipo sem o seu consentimento. Se der esse consentimento, pode optar por deixar de os receber a qualquer momento.<\/p>\n<p class=\"p2\"><span class=\"Apple-converted-space\">\u00a0<\/span><\/p>\n<p class=\"p1\"><strong>7. Lei e Jurisprud\u00eancia<\/strong><\/p>\n<p>\u00a0<\/p>\n<p class=\"p1\">Estes Termos e Condi\u00e7\u00f5es, bem como a rela\u00e7\u00e3o entre Voc\u00ea e N\u00f3s, ser\u00e3o regidos e interpretados de acordo com a lei.<span class=\"s1\"><br \/><\/span><\/p>\n<p>\u00a0<\/p>\n<p class=\"p1\">Se Voc\u00ea for um consumidor, qualquer disputa, controv\u00e9rsia, processo ou reivindica\u00e7\u00e3o entre Voc\u00ea e N\u00f3s relacionados com esta Pol\u00edtica de Entrega e Reembolso, ou a rela\u00e7\u00e3o entre Voc\u00ea e N\u00f3s (seja contratual ou n\u00e3o) estar\u00e1 sujeito \u00e0 jurisdi\u00e7\u00e3o dos tribunais.<\/p>\n\t\t\n<style>\n#text-4159721394 {\n  text-align: left;\n}\n<\/style>\n\t<\/div>\n\t\n\n\t\t<\/div>\n\t\t\t\t\t<\/div>\n\n\t\n\n<\/div>\n\t<div id=\"gap-1557316279\" class=\"gap-element clearfix\" style=\"display:block; height:auto;\">\n\t\t\n<style>\n#gap-1557316279 {\n  padding-top: 10px;\n}\n@media (min-width:550px) {\n  #gap-1557316279 {\n    padding-top: 30px;\n  }\n}\n@media (min-width:850px) {\n  #gap-1557316279 {\n    padding-top: 60px;\n  }\n}\n<\/style>\n\t<\/div>\n\t\n\n\n\t\t<\/div>\n\n\t\t\n<style>\n#section_977816025 {\n  padding-top: 0px;\n  padding-bottom: 0px;\n}\n#section_977816025 .ux-shape-divider--top svg {\n  height: 150px;\n  --divider-top-width: 100%;\n}\n#section_977816025 .ux-shape-divider--bottom svg {\n  height: 150px;\n  --divider-width: 100%;\n}\n<\/style>\n\t<\/section>\n\t","protected":false},"excerpt":{"rendered":"","protected":false},"author":5,"featured_media":0,"parent":0,"menu_order":0,"comment_status":"closed","ping_status":"closed","template":"page-transparent-header.php","meta":{"footnotes":""},"class_list":["post-12988","page","type-page","status-publish","hentry"],"_links":{"self":[{"href":"https:\/\/skintrade.org\/pt-pt\/wp-json\/wp\/v2\/pages\/12988","targetHints":{"allow":["GET"]}}],"collection":[{"href":"https:\/\/skintrade.org\/pt-pt\/wp-json\/wp\/v2\/pages"}],"about":[{"href":"https:\/\/skintrade.org\/pt-pt\/wp-json\/wp\/v2\/types\/page"}],"author":[{"embeddable":true,"href":"https:\/\/skintrade.org\/pt-pt\/wp-json\/wp\/v2\/users\/5"}],"replies":[{"embeddable":true,"href":"https:\/\/skintrade.org\/pt-pt\/wp-json\/wp\/v2\/comments?post=12988"}],"version-history":[{"count":5,"href":"https:\/\/skintrade.org\/pt-pt\/wp-json\/wp\/v2\/pages\/12988\/revisions"}],"predecessor-version":[{"id":15387,"href":"https:\/\/skintrade.org\/pt-pt\/wp-json\/wp\/v2\/pages\/12988\/revisions\/15387"}],"wp:attachment":[{"href":"https:\/\/skintrade.org\/pt-pt\/wp-json\/wp\/v2\/media?parent=12988"}],"curies":[{"name":"wp","href":"https:\/\/api.w.org\/{rel}","templated":true}]}}