{"id":12983,"date":"2021-12-27T06:06:25","date_gmt":"2021-12-27T06:06:25","guid":{"rendered":"https:\/\/skin2go.r-s.space\/about-us\/"},"modified":"2023-12-05T09:39:54","modified_gmt":"2023-12-05T09:39:54","slug":"sobre-nos","status":"publish","type":"page","link":"https:\/\/skintrade.org\/pt-pt\/sobre-nos\/","title":{"rendered":"Sobre n\u00f3s"},"content":{"rendered":"\t<section class=\"section about_us_page_values\" id=\"section_1999589104\">\n\t\t<div class=\"bg section-bg fill bg-fill bg-loaded \" >\n\n\t\t\t\n\t\t\t\n\t\t\t\n\n\t\t<\/div>\n\n\t\t\n\n\t\t<div class=\"section-content relative\">\n\t\t\t\n\n\t<div id=\"gap-162084245\" class=\"gap-element clearfix\" style=\"display:block; height:auto;\">\n\t\t\n<style>\n#gap-162084245 {\n  padding-top: 120px;\n}\n@media (min-width:550px) {\n  #gap-162084245 {\n    padding-top: 124px;\n  }\n}\n@media (min-width:850px) {\n  #gap-162084245 {\n    padding-top: 207px;\n  }\n}\n<\/style>\n\t<\/div>\n\t\n\n<div class=\"row row-collapse about_us_about_team\"  id=\"row-1197271932\">\n\n\n\t<div id=\"col-1170028565\" class=\"col medium-12 small-12 large-6\"  >\n\t\t\t\t<div class=\"col-inner\"  >\n\t\t\t\n\t\t\t\n\n<div class=\"row row-collapse home_page_section_title\"  id=\"row-781387560\">\n\n\n\t<div id=\"col-1271943760\" class=\"col small-12 large-12\"  >\n\t\t\t\t<div class=\"col-inner text-left\"  >\n\t\t\t\n\t\t\t\n\n\t<div id=\"text-1920798687\" class=\"text\">\n\t\t\n\n<h2> Obtenha skins CS 2 de alta qualidade a pre\u00e7os excelentes<br \/>\n<\/h2>\n\n\t\t\n<style>\n#text-1920798687 {\n  text-align: center;\n}\n@media (min-width:550px) {\n  #text-1920798687 {\n    text-align: left;\n  }\n}\n<\/style>\n\t<\/div>\n\t\n\t<div id=\"gap-1395856111\" class=\"gap-element clearfix\" style=\"display:block; height:auto;\">\n\t\t\n<style>\n#gap-1395856111 {\n  padding-top: 40px;\n}\n@media (min-width:550px) {\n  #gap-1395856111 {\n    padding-top: 40px;\n  }\n}\n@media (min-width:850px) {\n  #gap-1395856111 {\n    padding-top: 32px;\n  }\n}\n<\/style>\n\t<\/div>\n\t\n\n\n\t\t<\/div>\n\t\t\t\t\t<\/div>\n\n\t\n\n<\/div>\n\t<div id=\"text-2270733125\" class=\"text about_us_about_team_text\">\n\t\t\n\n<p>Escolhe como queres sobressair dos outros no jogo, se pela tua performance, se pelo teu estilo \u00fanico ou por uma combina\u00e7\u00e3o de ambos.\n<\/p>\n<p>Fornecemos uma extensa sele\u00e7\u00e3o de skins que te permitem personalizar o teu personagem no jogo, tornando-o \u00fanico. Aproveita a entrega imediata, transa\u00e7\u00f5es seguras, e pre\u00e7os competitivos com apenas alguns cliques.<\/p>\n\t\t\n<style>\n#text-2270733125 {\n  text-align: center;\n}\n@media (min-width:550px) {\n  #text-2270733125 {\n    text-align: left;\n  }\n}\n@media (min-width:850px) {\n  #text-2270733125 {\n    text-align: left;\n  }\n}\n<\/style>\n\t<\/div>\n\t\n\t<div id=\"gap-471658795\" class=\"gap-element clearfix\" style=\"display:block; height:auto;\">\n\t\t\n<style>\n#gap-471658795 {\n  padding-top: 60px;\n}\n@media (min-width:550px) {\n  #gap-471658795 {\n    padding-top: 40px;\n  }\n}\n@media (min-width:850px) {\n  #gap-471658795 {\n    padding-top: 80px;\n  }\n}\n<\/style>\n\t<\/div>\n\t\n\n\t<div id=\"text-3251638765\" class=\"text about_us_about_team\">\n\t\t\n\n<h5>Raz\u00f5es para comprar CS 2 skins<br \/>\n<\/h5>\n\n\t\t\n<style>\n#text-3251638765 {\n  text-align: center;\n}\n@media (min-width:550px) {\n  #text-3251638765 {\n    text-align: left;\n  }\n}\n<\/style>\n\t<\/div>\n\t\n\n\t\t<\/div>\n\t\t\t\t\n<style>\n#col-1170028565 > .col-inner {\n  padding: 0px 0 0px 0px;\n}\n<\/style>\n\t<\/div>\n\n\t\n\n<\/div>\n<div class=\"row row-collapse about_page_tech_sec_row\"  id=\"row-1073454778\">\n\n\n\t<div id=\"col-1060227407\" class=\"col small-12 large-12\"  >\n\t\t\t\t<div class=\"col-inner\"  >\n\t\t\t\n\t\t\t\n\n\t<div id=\"gap-1874585383\" class=\"gap-element clearfix\" style=\"display:block; height:auto;\">\n\t\t\n<style>\n#gap-1874585383 {\n  padding-top: 20px;\n}\n@media (min-width:550px) {\n  #gap-1874585383 {\n    padding-top: 31px;\n  }\n}\n@media (min-width:850px) {\n  #gap-1874585383 {\n    padding-top: 24px;\n  }\n}\n<\/style>\n\t<\/div>\n\t\n\n\t<div id=\"text-645744946\" class=\"text about_us_about_team_text\">\n\t\t\n\n<p> H\u00e1 v\u00e1rias raz\u00f5es para adquirir skins de CS 2. Antes de mais, uma skin premium melhora a tua experi\u00eancia de jogo. Os jogadores que est\u00e3o cansados dos designs standard das armas podem personalizar as suas skins para exprimir mais a sua personalidade no jogo. <\/p>\n<p> As skins CS 2 servem apenas um prop\u00f3sito est\u00e9tico e n\u00e3o influenciam o desempenho da arma ou da pr\u00f3pria personagem no jogo. O seu principal objetivo \u00e9 real\u00e7ar o teu status e distinguir a tua personagem, uma caracter\u00edstica procurada pelos melhores jogadores.\n<\/p>\n\n\t\t\n<style>\n#text-645744946 {\n  text-align: center;\n}\n@media (min-width:550px) {\n  #text-645744946 {\n    text-align: left;\n  }\n}\n<\/style>\n\t<\/div>\n\t\n\n\t\t<\/div>\n\t\t\t\t\t<\/div>\n\n\t\n\n<\/div>\n\t<div id=\"gap-12373204\" class=\"gap-element clearfix\" style=\"display:block; height:auto;\">\n\t\t\n<style>\n#gap-12373204 {\n  padding-top: 20px;\n}\n@media (min-width:550px) {\n  #gap-12373204 {\n    padding-top: 80px;\n  }\n}\n@media (min-width:850px) {\n  #gap-12373204 {\n    padding-top: 117px;\n  }\n}\n<\/style>\n\t<\/div>\n\t\n\n\n\t\t<\/div>\n\n\t\t\n<style>\n#section_1999589104 {\n  padding-top: 0px;\n  padding-bottom: 0px;\n}\n#section_1999589104 .section-bg.bg-loaded {\n  background-image: url(https:\/\/skintrade.org\/wp-content\/uploads\/2022\/10\/News-bg-image.png);\n}\n#section_1999589104 .ux-shape-divider--top svg {\n  height: 150px;\n  --divider-top-width: 100%;\n}\n#section_1999589104 .ux-shape-divider--bottom svg {\n  height: 150px;\n  --divider-width: 100%;\n}\n<\/style>\n\t<\/section>\n\t","protected":false},"excerpt":{"rendered":"","protected":false},"author":5,"featured_media":0,"parent":0,"menu_order":0,"comment_status":"closed","ping_status":"closed","template":"page-blank.php","meta":{"footnotes":""},"class_list":["post-12983","page","type-page","status-publish","hentry"],"_links":{"self":[{"href":"https:\/\/skintrade.org\/pt-pt\/wp-json\/wp\/v2\/pages\/12983","targetHints":{"allow":["GET"]}}],"collection":[{"href":"https:\/\/skintrade.org\/pt-pt\/wp-json\/wp\/v2\/pages"}],"about":[{"href":"https:\/\/skintrade.org\/pt-pt\/wp-json\/wp\/v2\/types\/page"}],"author":[{"embeddable":true,"href":"https:\/\/skintrade.org\/pt-pt\/wp-json\/wp\/v2\/users\/5"}],"replies":[{"embeddable":true,"href":"https:\/\/skintrade.org\/pt-pt\/wp-json\/wp\/v2\/comments?post=12983"}],"version-history":[{"count":5,"href":"https:\/\/skintrade.org\/pt-pt\/wp-json\/wp\/v2\/pages\/12983\/revisions"}],"predecessor-version":[{"id":15492,"href":"https:\/\/skintrade.org\/pt-pt\/wp-json\/wp\/v2\/pages\/12983\/revisions\/15492"}],"wp:attachment":[{"href":"https:\/\/skintrade.org\/pt-pt\/wp-json\/wp\/v2\/media?parent=12983"}],"curies":[{"name":"wp","href":"https:\/\/api.w.org\/{rel}","templated":true}]}}